{"id":45,"date":"2024-06-16T15:24:16","date_gmt":"2024-06-16T13:24:16","guid":{"rendered":"https:\/\/www.tokorc.com\/muster-seite\/"},"modified":"2024-06-16T18:14:49","modified_gmt":"2024-06-16T16:14:49","slug":"muster-seite","status":"publish","type":"page","link":"https:\/\/www.tokorc.com\/de\/muster-seite\/","title":{"rendered":"Muster Seite"},"content":{"rendered":"\n<p>Dies ist eine Beispielseite. Er unterscheidet sich von einem Blog-Post, da er an einem Ort bleibt und in der Navigation Ihrer Website angezeigt wird (in den meisten Themes). Die meisten Menschen beginnen mit einer \u00dcber-Seite, die sie potenziellen Besuchern der Website vorstellt. Sie k\u00f6nnte etwa so lauten:<\/p>\n\n<blockquote class=\"wp-block-quote is-layout-flow wp-block-quote-is-layout-flow\"><p>Hallo zusammen! Tags\u00fcber bin ich Fahrradkurier, nachts aufstrebender Schauspieler, und dies ist meine Website. Ich lebe in Los Angeles, habe einen tollen Hund namens Jack und ich mag Pi\u00f1a Coladas. (Und vom Regen erwischt zu werden.)<\/p><\/blockquote>\n\n<p>&#8230;oder etwas in dieser Art:<\/p>\n\n<blockquote class=\"wp-block-quote is-layout-flow wp-block-quote-is-layout-flow\"><p>Die XYZ Doohickey Company wurde 1971 gegr\u00fcndet und bietet seitdem qualitativ hochwertige Doohickeys f\u00fcr die \u00d6ffentlichkeit an. Das in Gotham City ans\u00e4ssige Unternehmen XYZ besch\u00e4ftigt mehr als 2.000 Mitarbeiter und leistet eine Menge gro\u00dfartiger Dinge f\u00fcr die Gotham Community.<\/p><\/blockquote>\n\n<p>Als neuer WordPress-Benutzer sollten Sie zu <a href=\"https:\/\/www.tokorc.com\/wp-admin\/\">Ihrem Dashboard<\/a> gehen, um diese Seite zu l\u00f6schen und neue Seiten f\u00fcr Ihre Inhalte zu erstellen. Viel Spa\u00df!<\/p>\n","protected":false},"excerpt":{"rendered":"<p>Dies ist eine Beispielseite. Er unterscheidet sich von einem Blog-Post, da er an einem Ort bleibt und in der Navigation Ihrer Website angezeigt wird (in den meisten Themes). Die meisten Menschen beginnen mit einer \u00dcber-Seite, die sie potenziellen Besuchern der Website vorstellt. Sie k\u00f6nnte etwa so lauten: Hallo zusammen! Tags\u00fcber bin ich Fahrradkurier, nachts aufstrebender [&hellip;]<\/p>\n","protected":false},"author":1,"featured_media":0,"parent":0,"menu_order":0,"comment_status":"closed","ping_status":"open","template":"","meta":{"footnotes":""},"class_list":["post-45","page","type-page","status-publish","hentry"],"yoast_head":"<!-- This site is optimized with the Yoast SEO plugin v27.5 - https:\/\/yoast.com\/product\/yoast-seo-wordpress\/ -->\n<title>Muster Seite - Toko RC<\/title>\n<meta name=\"robots\" content=\"index, follow, max-snippet:-1, max-image-preview:large, max-video-preview:-1\" \/>\n<link rel=\"canonical\" href=\"https:\/\/www.tokorc.com\/de\/muster-seite\/\" \/>\n<meta property=\"og:locale\" content=\"de_DE\" \/>\n<meta property=\"og:type\" content=\"article\" \/>\n<meta property=\"og:title\" content=\"Muster Seite - Toko RC\" \/>\n<meta property=\"og:description\" content=\"Dies ist eine Beispielseite. Er unterscheidet sich von einem Blog-Post, da er an einem Ort bleibt und in der Navigation Ihrer Website angezeigt wird (in den meisten Themes). Die meisten Menschen beginnen mit einer \u00dcber-Seite, die sie potenziellen Besuchern der Website vorstellt. Sie k\u00f6nnte etwa so lauten: Hallo zusammen! Tags\u00fcber bin ich Fahrradkurier, nachts aufstrebender [&hellip;]\" \/>\n<meta property=\"og:url\" content=\"https:\/\/www.tokorc.com\/de\/muster-seite\/\" \/>\n<meta property=\"og:site_name\" content=\"Toko RC\" \/>\n<meta property=\"article:modified_time\" content=\"2024-06-16T16:14:49+00:00\" \/>\n<meta name=\"twitter:card\" content=\"summary_large_image\" \/>\n<meta name=\"twitter:label1\" content=\"Gesch\u00e4tzte Lesezeit\" \/>\n\t<meta name=\"twitter:data1\" content=\"1\u00a0Minute\" \/>\n<script type=\"application\/ld+json\" class=\"yoast-schema-graph\">{\"@context\":\"https:\\\/\\\/schema.org\",\"@graph\":[{\"@type\":\"WebPage\",\"@id\":\"https:\\\/\\\/www.tokorc.com\\\/de\\\/muster-seite\\\/\",\"url\":\"https:\\\/\\\/www.tokorc.com\\\/de\\\/muster-seite\\\/\",\"name\":\"Muster Seite - Toko RC\",\"isPartOf\":{\"@id\":\"https:\\\/\\\/www.tokorc.com\\\/de\\\/#website\"},\"datePublished\":\"2024-06-16T13:24:16+00:00\",\"dateModified\":\"2024-06-16T16:14:49+00:00\",\"breadcrumb\":{\"@id\":\"https:\\\/\\\/www.tokorc.com\\\/de\\\/muster-seite\\\/#breadcrumb\"},\"inLanguage\":\"de\",\"potentialAction\":[{\"@type\":\"ReadAction\",\"target\":[\"https:\\\/\\\/www.tokorc.com\\\/de\\\/muster-seite\\\/\"]}]},{\"@type\":\"BreadcrumbList\",\"@id\":\"https:\\\/\\\/www.tokorc.com\\\/de\\\/muster-seite\\\/#breadcrumb\",\"itemListElement\":[{\"@type\":\"ListItem\",\"position\":1,\"name\":\"Home\",\"item\":\"https:\\\/\\\/www.tokorc.com\\\/de\\\/\"},{\"@type\":\"ListItem\",\"position\":2,\"name\":\"Muster Seite\"}]},{\"@type\":\"WebSite\",\"@id\":\"https:\\\/\\\/www.tokorc.com\\\/de\\\/#website\",\"url\":\"https:\\\/\\\/www.tokorc.com\\\/de\\\/\",\"name\":\"Toko RC\",\"description\":\"\",\"publisher\":{\"@id\":\"https:\\\/\\\/www.tokorc.com\\\/de\\\/#organization\"},\"potentialAction\":[{\"@type\":\"SearchAction\",\"target\":{\"@type\":\"EntryPoint\",\"urlTemplate\":\"https:\\\/\\\/www.tokorc.com\\\/de\\\/?s={search_term_string}\"},\"query-input\":{\"@type\":\"PropertyValueSpecification\",\"valueRequired\":true,\"valueName\":\"search_term_string\"}}],\"inLanguage\":\"de\"},{\"@type\":\"Organization\",\"@id\":\"https:\\\/\\\/www.tokorc.com\\\/de\\\/#organization\",\"name\":\"Toko RC\",\"url\":\"https:\\\/\\\/www.tokorc.com\\\/de\\\/\",\"logo\":{\"@type\":\"ImageObject\",\"inLanguage\":\"de\",\"@id\":\"https:\\\/\\\/www.tokorc.com\\\/de\\\/#\\\/schema\\\/logo\\\/image\\\/\",\"url\":\"https:\\\/\\\/www.tokorc.com\\\/wp-content\\\/uploads\\\/2025\\\/01\\\/shop-1.png\",\"contentUrl\":\"https:\\\/\\\/www.tokorc.com\\\/wp-content\\\/uploads\\\/2025\\\/01\\\/shop-1.png\",\"width\":512,\"height\":512,\"caption\":\"Toko RC\"},\"image\":{\"@id\":\"https:\\\/\\\/www.tokorc.com\\\/de\\\/#\\\/schema\\\/logo\\\/image\\\/\"}}]}<\/script>\n<!-- \/ Yoast SEO plugin. -->","yoast_head_json":{"title":"Muster Seite - Toko RC","robots":{"index":"index","follow":"follow","max-snippet":"max-snippet:-1","max-image-preview":"max-image-preview:large","max-video-preview":"max-video-preview:-1"},"canonical":"https:\/\/www.tokorc.com\/de\/muster-seite\/","og_locale":"de_DE","og_type":"article","og_title":"Muster Seite - Toko RC","og_description":"Dies ist eine Beispielseite. Er unterscheidet sich von einem Blog-Post, da er an einem Ort bleibt und in der Navigation Ihrer Website angezeigt wird (in den meisten Themes). Die meisten Menschen beginnen mit einer \u00dcber-Seite, die sie potenziellen Besuchern der Website vorstellt. Sie k\u00f6nnte etwa so lauten: Hallo zusammen! Tags\u00fcber bin ich Fahrradkurier, nachts aufstrebender [&hellip;]","og_url":"https:\/\/www.tokorc.com\/de\/muster-seite\/","og_site_name":"Toko RC","article_modified_time":"2024-06-16T16:14:49+00:00","twitter_card":"summary_large_image","twitter_misc":{"Gesch\u00e4tzte Lesezeit":"1\u00a0Minute"},"schema":{"@context":"https:\/\/schema.org","@graph":[{"@type":"WebPage","@id":"https:\/\/www.tokorc.com\/de\/muster-seite\/","url":"https:\/\/www.tokorc.com\/de\/muster-seite\/","name":"Muster Seite - Toko RC","isPartOf":{"@id":"https:\/\/www.tokorc.com\/de\/#website"},"datePublished":"2024-06-16T13:24:16+00:00","dateModified":"2024-06-16T16:14:49+00:00","breadcrumb":{"@id":"https:\/\/www.tokorc.com\/de\/muster-seite\/#breadcrumb"},"inLanguage":"de","potentialAction":[{"@type":"ReadAction","target":["https:\/\/www.tokorc.com\/de\/muster-seite\/"]}]},{"@type":"BreadcrumbList","@id":"https:\/\/www.tokorc.com\/de\/muster-seite\/#breadcrumb","itemListElement":[{"@type":"ListItem","position":1,"name":"Home","item":"https:\/\/www.tokorc.com\/de\/"},{"@type":"ListItem","position":2,"name":"Muster Seite"}]},{"@type":"WebSite","@id":"https:\/\/www.tokorc.com\/de\/#website","url":"https:\/\/www.tokorc.com\/de\/","name":"Toko RC","description":"","publisher":{"@id":"https:\/\/www.tokorc.com\/de\/#organization"},"potentialAction":[{"@type":"SearchAction","target":{"@type":"EntryPoint","urlTemplate":"https:\/\/www.tokorc.com\/de\/?s={search_term_string}"},"query-input":{"@type":"PropertyValueSpecification","valueRequired":true,"valueName":"search_term_string"}}],"inLanguage":"de"},{"@type":"Organization","@id":"https:\/\/www.tokorc.com\/de\/#organization","name":"Toko RC","url":"https:\/\/www.tokorc.com\/de\/","logo":{"@type":"ImageObject","inLanguage":"de","@id":"https:\/\/www.tokorc.com\/de\/#\/schema\/logo\/image\/","url":"https:\/\/www.tokorc.com\/wp-content\/uploads\/2025\/01\/shop-1.png","contentUrl":"https:\/\/www.tokorc.com\/wp-content\/uploads\/2025\/01\/shop-1.png","width":512,"height":512,"caption":"Toko RC"},"image":{"@id":"https:\/\/www.tokorc.com\/de\/#\/schema\/logo\/image\/"}}]}},"_links":{"self":[{"href":"https:\/\/www.tokorc.com\/de\/wp-json\/wp\/v2\/pages\/45","targetHints":{"allow":["GET"]}}],"collection":[{"href":"https:\/\/www.tokorc.com\/de\/wp-json\/wp\/v2\/pages"}],"about":[{"href":"https:\/\/www.tokorc.com\/de\/wp-json\/wp\/v2\/types\/page"}],"author":[{"embeddable":true,"href":"https:\/\/www.tokorc.com\/de\/wp-json\/wp\/v2\/users\/1"}],"replies":[{"embeddable":true,"href":"https:\/\/www.tokorc.com\/de\/wp-json\/wp\/v2\/comments?post=45"}],"version-history":[{"count":1,"href":"https:\/\/www.tokorc.com\/de\/wp-json\/wp\/v2\/pages\/45\/revisions"}],"predecessor-version":[{"id":47,"href":"https:\/\/www.tokorc.com\/de\/wp-json\/wp\/v2\/pages\/45\/revisions\/47"}],"wp:attachment":[{"href":"https:\/\/www.tokorc.com\/de\/wp-json\/wp\/v2\/media?parent=45"}],"curies":[{"name":"wp","href":"https:\/\/api.w.org\/{rel}","templated":true}]}}